{"id":8,"date":"2015-06-15T18:49:05","date_gmt":"2015-06-15T18:49:05","guid":{"rendered":"http:\/\/lernbegleitung-wedemark.de\/?page_id=8"},"modified":"2019-09-05T20:22:32","modified_gmt":"2019-09-05T18:22:32","slug":"beratung-fuer-eltern-kinder-jugendliche","status":"publish","type":"page","link":"https:\/\/lernbegleitung-wedemark.de\/?page_id=8","title":{"rendered":"Begleitung f\u00fcr Jugendliche und Erwachsene"},"content":{"rendered":"<p><strong>Ressourcen sind die F\u00e4higkeiten und St\u00e4rken, die jeder in sich tr\u00e4gt<\/strong>.<\/p>\n<p>Doch nicht immer sind uns&nbsp; unsere St\u00e4rken bewu\u00dft, da wir im Alltag eher unsere Schw\u00e4chen aufgezeigt bekommen. Gerade das Aufsp\u00fcren und Benennen der St\u00e4rken hilft schwierige Situationen zu meistern und dem Alltag gelassener und offener zubegegnen.<\/p>\n<p><a href=\"https:\/\/lernbegleitung-wedemark.de\/wp-content\/uploads\/2016\/01\/067.jpg\"><img loading=\"lazy\" decoding=\"async\" class=\"size-medium wp-image-82 aligncenter\" src=\"https:\/\/lernbegleitung-wedemark.de\/wp-content\/uploads\/2016\/01\/067-300x225.jpg\" alt=\"067\" width=\"300\" height=\"225\" srcset=\"https:\/\/lernbegleitung-wedemark.de\/wp-content\/uploads\/2016\/01\/067-300x225.jpg 300w, https:\/\/lernbegleitung-wedemark.de\/wp-content\/uploads\/2016\/01\/067-1024x768.jpg 1024w\" sizes=\"auto, (max-width: 300px) 100vw, 300px\" \/><\/a><\/p>\n<p>Mein Angebot richtet sich an alle, die ein Gef\u00fchl des <strong>&#8222;nicht akzeptiert werdens&#8220;<\/strong> oder <strong>&#8222;anders seins&#8220;<\/strong> kennen.<\/p>\n<p>An alle, die ihr Handeln h\u00e4ufig hinterfragen, weil sie eine gro\u00dfe Unsicherheit sp\u00fcren oder sich fragen, warum ihr Leben nicht so &#8222;einfach&#8220; wie das der anderen verl\u00e4uft. Warum tauchen immer bei mir \/ uns Schwierigkeiten auf?<\/p>\n<p>Mit meiner Beratung m\u00f6chte ich mit Ihnen zusammen Mittel und Wege finden, die Ihrem Alltag mehr<\/p>\n<ul>\n<li>Gelassenheit<a href=\"https:\/\/lernbegleitung-wedemark.de\/wp-content\/uploads\/2016\/04\/cropped-IMG_20160408_123356.jpg\"><img loading=\"lazy\" decoding=\"async\" class=\"alignright wp-image-105\" src=\"https:\/\/lernbegleitung-wedemark.de\/wp-content\/uploads\/2016\/04\/cropped-IMG_20160408_123356-300x300.jpg\" alt=\"\" width=\"240\" height=\"240\" srcset=\"https:\/\/lernbegleitung-wedemark.de\/wp-content\/uploads\/2016\/04\/cropped-IMG_20160408_123356-300x300.jpg 300w, https:\/\/lernbegleitung-wedemark.de\/wp-content\/uploads\/2016\/04\/cropped-IMG_20160408_123356-150x150.jpg 150w, https:\/\/lernbegleitung-wedemark.de\/wp-content\/uploads\/2016\/04\/cropped-IMG_20160408_123356-270x270.jpg 270w, https:\/\/lernbegleitung-wedemark.de\/wp-content\/uploads\/2016\/04\/cropped-IMG_20160408_123356-192x192.jpg 192w, https:\/\/lernbegleitung-wedemark.de\/wp-content\/uploads\/2016\/04\/cropped-IMG_20160408_123356-180x180.jpg 180w, https:\/\/lernbegleitung-wedemark.de\/wp-content\/uploads\/2016\/04\/cropped-IMG_20160408_123356-32x32.jpg 32w, https:\/\/lernbegleitung-wedemark.de\/wp-content\/uploads\/2016\/04\/cropped-IMG_20160408_123356.jpg 512w\" sizes=\"auto, (max-width: 240px) 100vw, 240px\" \/><\/a><\/li>\n<li>St\u00e4rke<\/li>\n<li>Lebensfreude<\/li>\n<li>Sicherheit<\/li>\n<li>Balance<\/li>\n<\/ul>\n<p>geben.<\/p>\n<p style=\"text-align: left;\">Denn jede neue Aufgabe bietet auch Chancen und festigt bestehende Beziehungen.<\/p>\n","protected":false},"excerpt":{"rendered":"<p>Ressourcen sind die F\u00e4higkeiten und St\u00e4rken, die jeder in sich tr\u00e4gt. Doch nicht immer sind uns&nbsp; unsere St\u00e4rken bewu\u00dft, da wir im Alltag eher unsere Schw\u00e4chen aufgezeigt bekommen. Gerade das Aufsp\u00fcren und Benennen der St\u00e4rken hilft schwierige Situationen zu meistern und dem Alltag gelassener und offener zubegegnen. Mein Angebot richtet sich an alle, die ein [&hellip;]<\/p>\n","protected":false},"author":1,"featured_media":0,"parent":0,"menu_order":0,"comment_status":"closed","ping_status":"closed","template":"","meta":{"footnotes":""},"class_list":["post-8","page","type-page","status-publish","hentry","no-featured-image"],"aioseo_notices":[],"_links":{"self":[{"href":"https:\/\/lernbegleitung-wedemark.de\/index.php?rest_route=\/wp\/v2\/pages\/8","targetHints":{"allow":["GET"]}}],"collection":[{"href":"https:\/\/lernbegleitung-wedemark.de\/index.php?rest_route=\/wp\/v2\/pages"}],"about":[{"href":"https:\/\/lernbegleitung-wedemark.de\/index.php?rest_route=\/wp\/v2\/types\/page"}],"author":[{"embeddable":true,"href":"https:\/\/lernbegleitung-wedemark.de\/index.php?rest_route=\/wp\/v2\/users\/1"}],"replies":[{"embeddable":true,"href":"https:\/\/lernbegleitung-wedemark.de\/index.php?rest_route=%2Fwp%2Fv2%2Fcomments&post=8"}],"version-history":[{"count":13,"href":"https:\/\/lernbegleitung-wedemark.de\/index.php?rest_route=\/wp\/v2\/pages\/8\/revisions"}],"predecessor-version":[{"id":444,"href":"https:\/\/lernbegleitung-wedemark.de\/index.php?rest_route=\/wp\/v2\/pages\/8\/revisions\/444"}],"wp:attachment":[{"href":"https:\/\/lernbegleitung-wedemark.de\/index.php?rest_route=%2Fwp%2Fv2%2Fmedia&parent=8"}],"curies":[{"name":"wp","href":"https:\/\/api.w.org\/{rel}","templated":true}]}}