{"id":6,"date":"2015-06-15T18:45:06","date_gmt":"2015-06-15T18:45:06","guid":{"rendered":"http:\/\/lernbegleitung-wedemark.de\/?page_id=6"},"modified":"2025-12-23T20:22:41","modified_gmt":"2025-12-23T19:22:41","slug":"lernbegleitende-mentorin","status":"publish","type":"page","link":"https:\/\/lernbegleitung-wedemark.de\/?page_id=6","title":{"rendered":"Lernbegleitung f\u00fcr Kinder und Eltern"},"content":{"rendered":"<p>Was bedeutet &#8222;Lernbegleitung&#8220;?<\/p>\n<p>Lernbegleitung hilft Sch\u00fclern oder Lernenden, ihre F\u00e4higkeiten und St\u00e4rken zu sehen und bewu\u00dft einzusetzen. Jeder Mensch besitzt bestimmte St\u00e4rken, doch leider werden im Alltag eher unsere Schw\u00e4chen hervorgehoben. Durch das bewu\u00dfte Benennen und Anwenden unserer St\u00e4rken, f\u00e4llt es leichter, schwierige Situationen oder Bedingungen zu meistern und gelassener auf Druck zu reagieren. Denn, nur wenn ein gesundes Ma\u00df an Gelassenheit vorhanden ist, k\u00f6nnen wir unter Stress unsere F\u00e4higkeiten nutzen.<\/p>\n<p>Mein Angebot richtet sich an Kinder und Jugendliche, die Schwierigkeiten in der Schule, im Freundeskreis oder der Familie haben, weil ihr<\/p>\n<p>-zu ruhig seid<\/p>\n<p>&#8211; &#8222;keine&#8220; Freunde habt<\/p>\n<p>-sehr unruhig seid<\/p>\n<p>-&#8222;immer&#8220; unkonzentriert seid<\/p>\n<p>-&#8222;st\u00e4ndig&#8220; am Handy o.\u00e4. h\u00e4ngt<\/p>\n<p>-oder irgendwie nicht so seid, wie die anderern es erwarten.<\/p>\n<p>Dies ist <strong>keine Nachhilfe<\/strong>, sondern eine Hilfe zum selbstst\u00e4ndigen Umgang mit offenen und verborgenen Konflikten im Alltag.<\/p>\n<ul>\n<li>Mobbing<\/li>\n<li>Unsichtbar in der Klasse<\/li>\n<li>Hochbegabt und doch kein Erfolg in der Schule<\/li>\n<li>Kaum in der Schule und schon beginnt der \u00c4rger<\/li>\n<li>Ich bin doch sowieso Schuld<\/li>\n<li>Was wollen die alle von mir? K\u00f6nnen mich die anderen nicht einfach so nehmen, wie ich bin?!<\/li>\n<li>Immer gute Noten und doch unzufrieden<\/li>\n<li>Klassenclown und Zappelphilipp<\/li>\n<li>Freunde &#8211; habe ich nicht, brauche ich nicht!<\/li>\n<\/ul>\n<p>Bei uns braucht sich niemand zu verstellen oder darzustellen, bei uns gibt es kein Schubladen-Denken.\u00a0 Und wir zeigen Euch, wie Ihr Eure Umwelt so beeinflussen k\u00f6nnt, dass Ihr<strong> ihr<\/strong> sein d\u00fcrft und die anderen Euch respektieren!<\/p>\n<p>Neugierig oder &#8222;das stimmt doch gar nicht&#8220; &#8211; ruft an oder schreibt!<\/p>\n","protected":false},"excerpt":{"rendered":"<p>Was bedeutet &#8222;Lernbegleitung&#8220;? Lernbegleitung hilft Sch\u00fclern oder Lernenden, ihre F\u00e4higkeiten und St\u00e4rken zu sehen und bewu\u00dft einzusetzen. Jeder Mensch besitzt bestimmte St\u00e4rken, doch leider werden im Alltag eher unsere Schw\u00e4chen hervorgehoben. Durch das bewu\u00dfte Benennen und Anwenden unserer St\u00e4rken, f\u00e4llt es leichter, schwierige Situationen oder Bedingungen zu meistern und gelassener auf Druck zu reagieren. Denn, [&hellip;]<\/p>\n","protected":false},"author":1,"featured_media":0,"parent":0,"menu_order":0,"comment_status":"closed","ping_status":"closed","template":"","meta":{"footnotes":""},"class_list":["post-6","page","type-page","status-publish","hentry","no-featured-image"],"aioseo_notices":[],"_links":{"self":[{"href":"https:\/\/lernbegleitung-wedemark.de\/index.php?rest_route=\/wp\/v2\/pages\/6","targetHints":{"allow":["GET"]}}],"collection":[{"href":"https:\/\/lernbegleitung-wedemark.de\/index.php?rest_route=\/wp\/v2\/pages"}],"about":[{"href":"https:\/\/lernbegleitung-wedemark.de\/index.php?rest_route=\/wp\/v2\/types\/page"}],"author":[{"embeddable":true,"href":"https:\/\/lernbegleitung-wedemark.de\/index.php?rest_route=\/wp\/v2\/users\/1"}],"replies":[{"embeddable":true,"href":"https:\/\/lernbegleitung-wedemark.de\/index.php?rest_route=%2Fwp%2Fv2%2Fcomments&post=6"}],"version-history":[{"count":9,"href":"https:\/\/lernbegleitung-wedemark.de\/index.php?rest_route=\/wp\/v2\/pages\/6\/revisions"}],"predecessor-version":[{"id":569,"href":"https:\/\/lernbegleitung-wedemark.de\/index.php?rest_route=\/wp\/v2\/pages\/6\/revisions\/569"}],"wp:attachment":[{"href":"https:\/\/lernbegleitung-wedemark.de\/index.php?rest_route=%2Fwp%2Fv2%2Fmedia&parent=6"}],"curies":[{"name":"wp","href":"https:\/\/api.w.org\/{rel}","templated":true}]}}