{"id":371,"date":"2019-02-05T08:37:58","date_gmt":"2019-02-05T07:37:58","guid":{"rendered":"http:\/\/lernbegleitung-wedemark.de\/?page_id=371"},"modified":"2025-12-23T20:21:12","modified_gmt":"2025-12-23T19:21:12","slug":"marburger-verhaltenstraining","status":"publish","type":"page","link":"https:\/\/lernbegleitung-wedemark.de\/?page_id=371","title":{"rendered":"Marburger Konzentrationstraining"},"content":{"rendered":"\n<p>Das Marburger Konzentrationstraining (nach Dipl.-Psychologe D. Krowatschek) ist ein Training f\u00fcr Kinder mit Schwierigkeiten in der Aufmerksamkeit und dem Bew\u00e4ltigen von (all-)t\u00e4glichen (Haus-)aufgaben.<\/p>\n\n\n\n<p>In diesem Training wird Ihr Kind in einer Kleingruppe angeleitet, wie es systematisch, selbst\u00e4ndig und konzentriert eine Aufgabe bearbeiten kann, um sich dann \u00fcber das Erfolgserlebnis zu freuen.<\/p>\n\n\n\n<p>Ziele des Marburger Konzentrationstrainings<\/p>\n\n\n\n<ul class=\"wp-block-list\">\n<li>Erarbeiten eines reflexiven Arbeitsstils statt impulsiven Vorgehens<\/li>\n\n\n\n<li>Umgang mit Fehlern erlernen<\/li>\n\n\n\n<li>Verbesserung der Leistungsbereitschaft<\/li>\n\n\n\n<li>Verbesserung der Konzentration<\/li>\n\n\n\n<li>Verbesserung des Selbstvertrauens und der Selbst\u00e4ndigkeit<\/li>\n<\/ul>\n\n\n\n<p>Inhalte<\/p>\n\n\n\n<ul class=\"wp-block-list\">\n<li>Verbesserung der Aufmerksamkeit durch Erlernen der Methoden der verbalen Selbstinstuktion<\/li>\n\n\n\n<li>\u00dcbungen f\u00fcr Feinmotorik, Wahrnehmung, Denk- und Merkf\u00e4higkeit<\/li>\n\n\n\n<li>Entspannungs\u00fcbungen, Bewegungsspiele<\/li>\n\n\n\n<li>Interaktion in der Gruppe<\/li>\n\n\n\n<li>begleitende Elterngespr\u00e4che<\/li>\n<\/ul>\n\n\n\n<p>Dauer und Kosten<\/p>\n\n\n\n<ul class=\"wp-block-list\">\n<li>das MKT ist als Gruppentraining f\u00fcr 4-6 Kinder oder als Einzeltraining konzipiert<\/li>\n\n\n\n<li>10 Trainingseinheiten einmal pro Woche \u00e1 60min plus 3 Elterngespr\u00e4che \u00e1 45 Minuten (auf Wunsch auch per Telefon\/Video)<\/li>\n\n\n\n<li>Kurskosten 350,-\u20ac<\/li>\n<\/ul>\n\n\n\n<p><\/p>\n","protected":false},"excerpt":{"rendered":"<p>Das Marburger Konzentrationstraining (nach Dipl.-Psychologe D. Krowatschek) ist ein Training f\u00fcr Kinder mit Schwierigkeiten in der Aufmerksamkeit und dem Bew\u00e4ltigen von (all-)t\u00e4glichen (Haus-)aufgaben. In diesem Training wird Ihr Kind in einer Kleingruppe angeleitet, wie es systematisch, selbst\u00e4ndig und konzentriert eine Aufgabe bearbeiten kann, um sich dann \u00fcber das Erfolgserlebnis zu freuen. Ziele des Marburger Konzentrationstrainings [&hellip;]<\/p>\n","protected":false},"author":1,"featured_media":0,"parent":0,"menu_order":0,"comment_status":"closed","ping_status":"closed","template":"","meta":{"footnotes":""},"class_list":["post-371","page","type-page","status-publish","hentry","no-featured-image"],"aioseo_notices":[],"_links":{"self":[{"href":"https:\/\/lernbegleitung-wedemark.de\/index.php?rest_route=\/wp\/v2\/pages\/371","targetHints":{"allow":["GET"]}}],"collection":[{"href":"https:\/\/lernbegleitung-wedemark.de\/index.php?rest_route=\/wp\/v2\/pages"}],"about":[{"href":"https:\/\/lernbegleitung-wedemark.de\/index.php?rest_route=\/wp\/v2\/types\/page"}],"author":[{"embeddable":true,"href":"https:\/\/lernbegleitung-wedemark.de\/index.php?rest_route=\/wp\/v2\/users\/1"}],"replies":[{"embeddable":true,"href":"https:\/\/lernbegleitung-wedemark.de\/index.php?rest_route=%2Fwp%2Fv2%2Fcomments&post=371"}],"version-history":[{"count":8,"href":"https:\/\/lernbegleitung-wedemark.de\/index.php?rest_route=\/wp\/v2\/pages\/371\/revisions"}],"predecessor-version":[{"id":564,"href":"https:\/\/lernbegleitung-wedemark.de\/index.php?rest_route=\/wp\/v2\/pages\/371\/revisions\/564"}],"wp:attachment":[{"href":"https:\/\/lernbegleitung-wedemark.de\/index.php?rest_route=%2Fwp%2Fv2%2Fmedia&parent=371"}],"curies":[{"name":"wp","href":"https:\/\/api.w.org\/{rel}","templated":true}]}}