{"id":343,"date":"2018-11-07T07:53:01","date_gmt":"2018-11-07T06:53:01","guid":{"rendered":"http:\/\/lernbegleitung-wedemark.de\/?page_id=343"},"modified":"2018-11-07T08:14:54","modified_gmt":"2018-11-07T07:14:54","slug":"datenschutzerklaerung","status":"publish","type":"page","link":"https:\/\/lernbegleitung-wedemark.de\/?page_id=343","title":{"rendered":"Datenschutzerkl\u00e4rung"},"content":{"rendered":"<p>Die nachfolgende Datenschutzerkl\u00e4rung gilt f\u00fcr die Nutzung des Online-Angebots von<\/p>\n<p><strong>Lernbegleitung Wedemark<\/strong><br \/>\nSteinriede 2a<br \/>\n30900 Wedemark<br \/>\nwww.lernbegleitung-wedemark.de (nachfolgend \u201eWebsite\u201c).<\/p>\n<p>Wir messen dem Datenschutz gro\u00dfe Bedeutung bei. Die Erhebung und Verarbeitung Ihrer personenbezogenen Daten geschieht unter Beachtung der geltenden datenschutzrechtlichen Vorschriften, insbesondere der Datenschutzgrundverordnung (DSGVO). Wir erheben und verarbeiten Ihre personenbezogenen Daten, um Ihnen die oben genannte Website anbieten zu k\u00f6nnen. Diese Erkl\u00e4rung beschreibt, wie und zu welchem Zweck Ihre Daten erfasst und genutzt werden und welche Wahlm\u00f6glichkeiten Sie im Zusammenhang mit pers\u00f6nlichen Daten haben.<\/p>\n<p>Durch Ihre Verwendung dieser Website stimmen Sie der Erfassung, Nutzung und \u00dcbertragung Ihrer Daten gem\u00e4\u00df dieser Datenschutzerkl\u00e4rung zu.<\/p>\n<h2><strong>1. Erhebung und Speicherung personenbezogener Daten sowie Art und Zweck deren Verwendung<\/strong><\/h2>\n<h3><strong>(a) Beim Besuch unserer Website<\/strong><\/h3>\n<p>Beim Aufrufen unserer Website www.lernbegleitung-wedemark.de werden durch den auf Ihrem Endger\u00e4t zum Einsatz kommenden Browser automatisch Informationen an den Server unserer Website gesendet. Diese Informationen werden tempor\u00e4r in einem sog. Logfile gespeichert. Folgende Informationen werden dabei ohne Ihr Zutun erfasst und bis zur automatisierten L\u00f6schung gespeichert:<\/p>\n<ul>\n<li>IP-Adresse des anfragenden Rechners,<\/li>\n<li>Datum und Uhrzeit des Zugriffs,<\/li>\n<li>Name und URL der abgerufenen Datei,<\/li>\n<li>Website, von der aus der Zugriff erfolgt (Referrer-URL),<\/li>\n<li>verwendeter Browser und ggf. das Betriebssystem Ihres Rechners sowie der Name Ihres Access-Providers.<\/li>\n<\/ul>\n<p>Die genannten Daten werden durch uns zu folgenden Zwecken verarbeitet:<\/p>\n<ul>\n<li>Gew\u00e4hrleistung eines reibungslosen Verbindungsaufbaus der Website,<\/li>\n<li>Gew\u00e4hrleistung einer komfortablen Nutzung unserer Website,<\/li>\n<li>Auswertung der Systemsicherheit und -stabilit\u00e4t sowie zu weiteren administrativen Zwecken.<\/li>\n<\/ul>\n<p>Die Rechtsgrundlage f\u00fcr die Datenverarbeitung ist Art. 6 Abs. 1 S. 1 lit. f) EU-DSGVO. Unser berechtigtes Interesse folgt aus oben aufgelisteten Zwecken zur Datenerhebung. In keinem Fall verwenden wir die erhobenen Daten zu dem Zweck, R\u00fcckschl\u00fcsse auf Ihre Person zu ziehen.<\/p>\n<p>Dar\u00fcber hinaus setzen wir beim Besuch unserer Website Cookies sowie Analysedienste ein. N\u00e4here Erl\u00e4uterungen dazu erhalten Sie unter den Ziffern 3 und 4 dieser Datenschutzerkl\u00e4rung.<\/p>\n<h3><strong>(b) Bei Nutzung unseres Kontaktformulars <\/strong><\/h3>\n<p>Bei Fragen jeglicher Art bieten wir Ihnen die M\u00f6glichkeit, mit uns \u00fcber ein auf der Website bereitgestelltes Formular Kontakt aufzunehmen. Dabei ist die Angabe Ihres Namens und einer g\u00fcltigen E-Mail-Adresse erforderlich, damit wir wissen, von wem die Anfrage stammt und um diese beantworten zu k\u00f6nnen. Weitere Angaben k\u00f6nnen freiwillig get\u00e4tigt werden.<\/p>\n<p>Die Datenverarbeitung zum Zwecke der Kontaktaufnahme mit uns erfolgt nach Art. 6 Abs. 1 S. 1 lit. a) EU-DSGVO auf Grundlage Ihrer freiwillig erteilten Einwilligung.<\/p>\n<p>Die f\u00fcr die Benutzung des Kontaktformulars von uns erhobenen personenbezogenen Daten werden nach Erledigung der von Ihnen gestellten Anfrage automatisch gel\u00f6scht.<\/p>\n<h2><strong>2. Weitergabe von Daten<\/strong><\/h2>\n<p>Eine \u00dcbermittlung Ihrer pers\u00f6nlichen Daten an Dritte zu anderen als den im Folgenden aufgef\u00fchrten Zwecken findet nicht statt.<\/p>\n<p>Wir geben Ihre pers\u00f6nlichen Daten nur an Dritte weiter, wenn:<\/p>\n<ul>\n<li>Sie Ihre nach Art. 6 Abs. 1 S. 1 lit. a) EU-DSGVO ausdr\u00fcckliche Einwilligung dazu erteilt haben,<\/li>\n<li>die Weitergabe nach Art. 6 Abs. 1 S. 1 lit. f) EU-DSGVO zur Geltendmachung, Aus\u00fcbung oder Verteidigung von Rechtsanspr\u00fcchen erforderlich ist und kein Grund zur Annahme besteht, dass Sie ein \u00fcberwiegendes schutzw\u00fcrdiges Interesse an der Nichtweitergabe Ihrer Daten haben,<\/li>\n<li>f\u00fcr den Fall, dass f\u00fcr die Weitergabe nach Art. 6 Abs. 1 S. 1 lit. c) EU-DSGVO eine gesetzliche Verpflichtung besteht, sowie<\/li>\n<li>dies gesetzlich zul\u00e4ssig und nach Art. 6 Abs. 1 S. 1 lit. b) EU-DSGVO f\u00fcr die Abwicklung von Vertragsverh\u00e4ltnissen mit Ihnen erforderlich ist.<\/li>\n<\/ul>\n<h2><strong>3. Cookies <\/strong><\/h2>\n<p>Wir setzen auf unserer Seite Cookies ein. Hierbei handelt es sich um kleine Dateien, die Ihr Browser automatisch erstellt und die auf Ihrem Endger\u00e4t (Laptop, Tablet, Smartphone o.\u00e4.) gespeichert werden, wenn Sie unsere Seite besuchen. Cookies richten auf Ihrem Endger\u00e4t keinen Schaden an, enthalten keine Viren, Trojaner oder sonstige Schadsoftware. In dem Cookie werden Informationen abgelegt, die sich jeweils im Zusammenhang mit dem spezifisch eingesetzten Endger\u00e4t ergeben. Dies bedeutet jedoch nicht, dass wir dadurch unmittelbar Kenntnis von Ihrer Identit\u00e4t erhalten.<\/p>\n<p>Der Einsatz von Cookies dient einerseits dazu, die Nutzung unseres Angebots f\u00fcr Sie angenehmer zu gestalten. So setzen wir sogenannte Session-Cookies ein, um zu erkennen, dass Sie einzelne Seiten unserer Website bereits besucht haben. Diese werden nach Verlassen unserer Seite automatisch gel\u00f6scht.<\/p>\n<p>Dar\u00fcber hinaus setzen wir ebenfalls zur Optimierung der Benutzerfreundlichkeit tempor\u00e4re Cookies ein, die f\u00fcr einen bestimmten festgelegten Zeitraum auf Ihrem Endger\u00e4t gespeichert werden. Besuchen Sie unsere Seite erneut, um unsere Dienste in Anspruch zu nehmen, wird automatisch erkannt, dass Sie bereits bei uns waren und welche Eingaben und Einstellungen sie get\u00e4tigt haben, um diese nicht noch einmal eingeben zu m\u00fcssen.<\/p>\n<p>Zum anderen setzen wir Cookies ein, um die Nutzung unserer Website statistisch zu erfassen und zum Zwecke der Optimierung unseres Angebotes f\u00fcr Sie auszuwerten (siehe unter Ziffer 4). Diese Cookies erm\u00f6glichen es uns, bei einem erneuten Besuch unserer Seite automatisch zu erkennen, dass Sie bereits bei uns waren. Diese Cookies werden nach einer jeweils definierten Zeit automatisch gel\u00f6scht.<\/p>\n<p>Die durch Cookies verarbeiteten Daten sind f\u00fcr die genannten Zwecke zur Wahrung unserer berechtigten Interessen sowie der Dritter nach Art. 6 Abs. 1 S. 1 lit. f) EU-DSGVO erforderlich.<\/p>\n<p>Die meisten Browser akzeptieren Cookies automatisch. Sie k\u00f6nnen Ihren Browser jedoch so konfigurieren, dass keine Cookies auf Ihrem Computer gespeichert werden oder stets ein Hinweis erscheint, bevor ein neuer Cookie angelegt wird. Die vollst\u00e4ndige Deaktivierung von Cookies kann jedoch dazu f\u00fchren, dass Sie nicht alle Funktionen unserer Website nutzen k\u00f6nnen.<\/p>\n<h2><strong>4. Analyse-Tools <\/strong><\/h2>\n<h4><strong>Google Analytics<\/strong><\/h4>\n<p>Wir benutzen Google Analytics, einen Webanalysedienst der Google Inc. (\u201eGoogle\u201c). Google hat sich dem zwischen der Europ\u00e4ischen Union und den USA geschlossenen Privacy-Shield-Abkommen unterworfen und sich zertifiziert. Dadurch verpflichtet sich Google, die Standards und Vorschriften des europ\u00e4ischen Datenschutzrechts einzuhalten. N\u00e4here Informationen k\u00f6nnen Sie dem nachfolgend verlinkten Eintrag entnehmen: <a href=\"https:\/\/www.privacyshield.gov\/participant?id=a2zt000000001L5AAI&amp;status=Active\">https:\/\/www.privacyshield.gov\/participant?id=a2zt000000001L5AAI&amp;status=Active<\/a>.<\/p>\n<p>Google Analytics verwendet sog. \u201eCookies\u201c, Textdateien, die auf Ihrem Computer gespeichert werden und die eine Analyse der Benutzung der Website durch Sie erm\u00f6glichen. Die durch den Cookie erzeugten Informationen \u00fcber Benutzung dieser Website durch die Seitenbesucher werden in der Regel an einen Server von Google in den USA \u00fcbertragen und dort gespeichert.<\/p>\n<p>Hierin liegt auch unser berechtigtes Interesse gem\u00e4\u00df Art 6 Abs. 1 S. 1 f) DSGVO.<\/p>\n<p>Im Falle der Aktivierung der IP-Anonymisierung auf dieser Website, wird Ihre IP-Adresse von Google jedoch innerhalb von Mitgliedstaaten der Europ\u00e4ischen Union oder in anderen Vertragsstaaten des Abkommens \u00fcber den Europ\u00e4ischen Wirtschaftsraum zuvor gek\u00fcrzt. Nur in Ausnahmef\u00e4llen wird die volle IP-Adresse an einen Server von Google in den USA \u00fcbertragen und dort gek\u00fcrzt. Die IP-Anonymisierung ist auf dieser Website aktiv. In unserem Auftrag wird Google diese Informationen benutzen, um die Nutzung der Website durch Sie auszuwerten, um Reports \u00fcber die Websiteaktivit\u00e4ten zusammenzustellen und um weitere mit der Websitenutzung und der Internetnutzung verbundene Dienstleistungen uns gegen\u00fcber zu erbringen.<\/p>\n<p>Die im Rahmen von Google Analytics von Ihrem Browser \u00fcbermittelte IP-Adresse wird nicht mit anderen Daten von Google zusammengef\u00fchrt. Sie k\u00f6nnen die Speicherung der Cookies durch eine entsprechende Einstellung Ihrer Browser-Software verhindern; wir weisen Sie jedoch darauf hin, dass Sie in diesem Fall gegebenenfalls nicht s\u00e4mtliche Funktionen dieser Website vollumf\u00e4nglich werden nutzen k\u00f6nnen.<\/p>\n<p>Sie k\u00f6nnen dar\u00fcber hinaus die \u00dcbertragung der durch das Cookie erzeugten und auf Ihre Nutzung der Website bezogenen Daten (inkl. Ihrer IP-Adresse) an Google sowie die Verarbeitung dieser Daten durch Google verhindern, indem Sie das unter dem folgenden Link verf\u00fcgbare Browser-Plugin herunterladen und installieren: <a href=\"http:\/\/tools.google.com\/dlpage\/gaoptout?hl=de\">http:\/\/tools.google.com\/dlpage\/gaoptout?hl=de<\/a>.<\/p>\n<p>Alternativ zum Browser-Plugin oder innerhalb von Browsern auf mobilen Ger\u00e4ten k\u00f6nnen Sie auf den folgenden Link klicken, um ein Opt-Out-Cookie zu setzen, der die Erfassung durch Google Analytics innerhalb dieser Website zuk\u00fcnftig verhindert (dieses Opt-Out-Cookie funktioniert nur in diesem Browser und nur f\u00fcr diese Domain. L\u00f6schen Sie die Cookies in Ihrem Browser, m\u00fcssen Sie diesen Link erneut klicken).<\/p>\n<h2><strong>5. Betroffenenrechte<\/strong><\/h2>\n<p>Sie haben das Recht:<\/p>\n<ul>\n<li>gem\u00e4\u00df Art. 15 EU-DSGVO Auskunft \u00fcber Ihre von uns verarbeiteten personenbezogenen Daten zu verlangen. Insbesondere k\u00f6nnen Sie Auskunft \u00fcber die Verarbeitungszwecke, die Kategorie der personenbezogenen Daten, die Kategorien von Empf\u00e4ngern, gegen\u00fcber denen Ihre Daten offengelegt wurden oder werden, die geplante Speicherdauer, das Bestehen eines Rechts auf Berichtigung, L\u00f6schung, Einschr\u00e4nkung der Verarbeitung oder Widerspruch, das Bestehen eines Beschwerderechts, die Herkunft ihrer Daten, sofern diese nicht bei uns erhoben wurden, sowie \u00fcber das Bestehen einer automatisierten Entscheidungsfindung einschlie\u00dflich Profiling und ggf. aussagekr\u00e4ftigen Informationen zu deren Einzelheiten verlangen;<\/li>\n<li>gem\u00e4\u00df Art. 16 EU-DSGVO unverz\u00fcglich die Berichtigung unrichtiger oder Vervollst\u00e4ndigung Ihrer bei uns gespeicherten personenbezogenen Daten zu verlangen;<\/li>\n<li>gem\u00e4\u00df Art. 17 EU-DSGVO die L\u00f6schung Ihrer bei uns gespeicherten personenbezogenen Daten zu verlangen, soweit nicht die Verarbeitung zur Aus\u00fcbung des Rechts auf freie Meinungs\u00e4u\u00dferung und Information, zur Erf\u00fcllung einer rechtlichen Verpflichtung, aus Gr\u00fcnden des \u00f6ffentlichen Interesses oder zur Geltendmachung, Aus\u00fcbung oder Verteidigung von Rechtsanspr\u00fcchen erforderlich ist;<\/li>\n<li>gem\u00e4\u00df Art. 18 EU-DSGVO die Einschr\u00e4nkung der Verarbeitung Ihrer personenbezogenen Daten zu verlangen, soweit die Richtigkeit der Daten von Ihnen bestritten wird, die Verarbeitung unrechtm\u00e4\u00dfig ist, Sie aber deren L\u00f6schung ablehnen und wir die Daten nicht mehr ben\u00f6tigen, Sie jedoch diese zur Geltendmachung, Aus\u00fcbung oder Verteidigung von Rechtsanspr\u00fcchen ben\u00f6tigen oder Sie gem\u00e4\u00df Art. 21 EU-DSGVO Widerspruch gegen die Verarbeitung eingelegt haben;<\/li>\n<li>gem\u00e4\u00df Art. 20 EU-DSGVO Ihre personenbezogenen Daten, die Sie uns bereitgestellt haben, in einem strukturierten, g\u00e4ngigen und maschinenlesebaren Format zu erhalten oder die \u00dcbermittlung an einen anderen Verantwortlichen zu verlangen;<\/li>\n<li>gem\u00e4\u00df Art. 7 Abs. 3 EU-DSGVO Ihre einmal erteilte Einwilligung jederzeit gegen\u00fcber uns zu widerrufen. Dies hat zur Folge, dass wir die Datenverarbeitung, die auf dieser Einwilligung beruhte, f\u00fcr die Zukunft nicht mehr fortf\u00fchren d\u00fcrfen und<\/li>\n<li>gem\u00e4\u00df Art. 77 EU-DSGVO sich bei einer Aufsichtsbeh\u00f6rde zu beschweren. In der Regel k\u00f6nnen Sie sich hierf\u00fcr an die Aufsichtsbeh\u00f6rde Ihres \u00fcblichen Aufenthaltsortes oder Arbeitsplatzes oder unseres Firmensitzes wenden.<\/li>\n<\/ul>\n<h3><strong>Details:<\/strong><\/h3>\n<p>nachstehend informieren wir Sie gem\u00e4\u00df Art. 13 DSGVO \u00fcber die Verarbeitung Ihrer Daten.<\/p>\n<p><strong>Verarbeitungszwecke und Rechtsgrundlage: <\/strong>Die Datenverarbeitung erfolgt zum Zweck der Vertragsabwicklung. Die Verarbeitung Ihrer Daten ist nach Art. 6 Abs. 1 Buchstabe f DSGVO zur Wahrung unserer berechtigten Interessen oder der eines Dritten erforderlich. Unsere berechtigten Interessen bestehen in Erbringung unserer Dienstleistungen, Hausrecht, DSGVO Art. 6 und 35, BDSG-neu \u00a74 und zur Marketingzwecken nach entsprechender Einwilligung.<\/p>\n<p><strong>Datenkategorien und Datenherkunft:<\/strong> Wir verarbeiten nachfolgende Kategorien von Daten: Stammdaten (Vorname, Nachname) sowie Kommunikationsdaten (E-Mail-Adresse). Die Daten aus den genannten Datenkategorien wurden uns von unseren Auftraggebern und den entsprechenden Teilnehmern \u00fcbermittelt.<br \/>\nEmpf\u00e4nger: Wir geben Ihre personenbezogenen Daten nicht an Dritte weiter. Ausgenommen hiervon sind unsere Dienstleistungspartner, wenn dies zur Erf\u00fcllung des Vertrages erforderlich ist, wie Paket- und Briefzusteller, Banken f\u00fcr den Einzug von Lastschriften, Finanzbeh\u00f6rden, Industrie und Handelskammern, Ihrem Arbeitgeber.<\/p>\n<p><strong>Dauer der Speicherung: <\/strong>Die zu Ihrer Person gespeicherten Daten werden nach Erf\u00fcllung des Vertrages und Ablauf von Gew\u00e4hrleistungsfristen nach folgenden Speicherfristen gel\u00f6scht, sofern keine weiteren gesetzliche Aufbewahrungspflichten entgegenstehen. Solche sind etwa handelsrechtliche und finanzrechtliche Daten. Diese werden den rechtlichen Vorschriften entsprechend nach zehn Jahren gel\u00f6scht, soweit keine l\u00e4ngeren Aufbewahrungsfristen vorgeschrieben oder aus berechtigten Gr\u00fcnden erforderlich sind. Widerrufen Sie die Einwilligung zur Nutzung Ihrer Daten werden diese unverz\u00fcglich gel\u00f6scht, sofern obenstehende Gr\u00fcnde nicht dagegensprechen.<br \/>\nNur wenn Sie der Nutzung Ihrer Stamm- und Kommunikationsdaten schriftlich zugestimmt haben, bleiben die Daten bis zu Ihrem Widerruf gespeichert.<\/p>\n<p><strong>Rechte der betroffenen Person:<\/strong> Sie k\u00f6nnen jederzeit Auskunft \u00fcber Ihre bei uns gespeicherten Daten oder Berichtigung, Sperrung (Einschr\u00e4nkung der Verarbeitung) und L\u00f6schung Ihrer gespeicherten Daten und deren Verarbeitung verlangen. Sofern einer L\u00f6schung gesetzliche, vertragliche oder handels- bzw. steuerrechtliche Aufbewahrungsfristen oder sonstige gesetzlich Gr\u00fcnde entgegenstehen, werden Ihre Daten nicht gel\u00f6scht, sondern mit einer Sperre versehen.<\/p>\n<p><strong>Widerspruchsrecht:<\/strong> Ihnen steht ein Widerspruchsrecht gegen die Verarbeitung zu. Der Verwendung Ihrer Daten k\u00f6nnen Sie jederzeit widersprechen. Den Widerspruch richten Sie bitte an<\/p>\n<p><strong>Elke Steinmetz<\/strong><br \/>\nLernbegleitung Wedemark<br \/>\nSteinriede 2a<br \/>\n30900 Wedemark OT Berkhof<br \/>\nTelefon: 0151-58134723<br \/>\nE-Mail: info@lernbegleitung-wedemark.de<\/p>\n<p><strong>Beschwerderecht bei der Aufsichtsbeh\u00f6rde:<\/strong> Sie haben gem\u00e4\u00df Art. 77 DSGVO das Recht, sich bei der Aufsichtsbeh\u00f6rde zu beschweren, wenn Sie der Ansicht sind, dass die Verarbeitung Ihrer personenbezogenen Daten nicht rechtm\u00e4\u00dfig erfolgt. Die Anschrift der f\u00fcr unser Unternehmen zust\u00e4ndigen Aufsichtsbeh\u00f6rde lautet: Die Landesbeauftragte f\u00fcr den Datenschutz Niedersachsen Prinzenstr. 5 30159 Hannover Telefon: 0511\/120-4500 Telefax: 0511\/120-4599 E-Mail: poststelle@lfd.niedersachsen.de; Website: <a href=\"https:\/\/www.lfd.niedersachsen.de\/\">https:\/\/www.lfd.niedersachsen.de\/<\/a> Aufsichtsbeh\u00f6rde).<\/p>\n<p><strong>Bereitstellung der Daten:<\/strong> Die Bereitstellung der personenbezogenen Daten ist vertraglich vorgeschrieben oder f\u00fcr einen Vertragsabschluss erforderlich, da wir ohne diese Daten keine Beratung, Coaching, oder Fort- und Weiterbildungen durchf\u00fchren k\u00f6nnen. Werden die erforderlichen personenbezogenen Daten nicht bereitgestellt, h\u00e4tte dies zur Folge, dass eine Teilnahme an den Beratungen, Coachings oder Seminaren nicht erfolgen kann. Automatisierte Entscheidungen: Automatisierte Entscheidungen im Einzelfall einschlie\u00dflich Profiling finden nicht statt.<\/p>\n<h2><strong>6. Widerspruchsrecht<\/strong><\/h2>\n<p>Sofern Ihre personenbezogenen Daten auf Grundlage von berechtigten Interessen gem\u00e4\u00df Art. 6 Abs. 1 S. 1 lit. f) EU-DSGVO verarbeitet werden, haben Sie das Recht, gem\u00e4\u00df Art. 21 EU-DSGVO Widerspruch gegen die Verarbeitung Ihrer personenbezogenen Daten einzulegen, soweit daf\u00fcr Gr\u00fcnde vorliegen, die sich aus Ihrer besonderen Situation ergeben oder sich der Widerspruch gegen Direktwerbung richtet. Im letzteren Fall haben Sie ein generelles Widerspruchsrecht, das ohne Angabe einer besonderen Situation von uns umgesetzt wird. M\u00f6chten Sie von Ihrem Widerrufs- oder Widerspruchsrecht Gebrauch machen, gen\u00fcgt eine E-Mail an info@lernbegleitung-wedemark.de.<\/p>\n<h2><strong>7. Datensicherheit <\/strong><\/h2>\n<p>Wir verwenden innerhalb des Website-Besuchs das verbreitete SSL-Verfahren (Secure Socket Layer) in Verbindung mit der jeweils h\u00f6chsten Verschl\u00fcsselungsstufe, die von Ihrem Browser unterst\u00fctzt wird. In der Regel handelt es sich dabei um eine 256-Bit-Verschl\u00fcsselung. Falls Ihr Browser keine 256-Bit-Verschl\u00fcsselung unterst\u00fctzt, greifen wir stattdessen auf 128-Bit v3 Technologie zur\u00fcck. Ob eine einzelne Seite unseres Internetauftrittes verschl\u00fcsselt \u00fcbertragen wird, erkennen Sie an der geschlossenen Darstellung des Sch\u00fcssel- beziehungsweise Schloss-Symbols in der unteren Statusleiste Ihres Browsers.<\/p>\n<p>Wir bedienen uns im \u00dcbrigen geeigneter technischer und organisatorischer Sicherheitsma\u00dfnahmen, um Ihre Daten gegen zuf\u00e4llige oder vors\u00e4tzliche Manipulationen, teilweisen oder vollst\u00e4ndigen Verlust, Zerst\u00f6rung oder gegen den unbefugten Zugriff Dritter zu sch\u00fctzen.<\/p>\n<p>Unsere Sicherheitsma\u00dfnahmen werden entsprechend der technologischen Entwicklung fortlaufend verbessert.<\/p>\n<h2><strong>8. Aktualit\u00e4t und \u00c4nderung dieser Datenschutzerkl\u00e4rung <\/strong><\/h2>\n<p>Diese Datenschutzerkl\u00e4rung ist aktuell g\u00fcltig und hat den Stand Mai 2018. Durch die Weiterentwicklung unserer Website und Angebote dar\u00fcber oder aufgrund ge\u00e4nderter gesetzlicher beziehungsweise beh\u00f6rdlicher Vorgaben kann es notwendig werden, diese Datenschutzerkl\u00e4rung zu \u00e4ndern. Die jeweils aktuelle Datenschutzerkl\u00e4rung kann jederzeit auf der Website unter www.lernbegleitung-wedemark.de von Ihnen abgerufen und ausgedruckt werden.<\/p>\n<p>&nbsp;<\/p>\n<p>&nbsp;<\/p>\n","protected":false},"excerpt":{"rendered":"<p>Die nachfolgende Datenschutzerkl\u00e4rung gilt f\u00fcr die Nutzung des Online-Angebots von Lernbegleitung Wedemark Steinriede 2a 30900 Wedemark www.lernbegleitung-wedemark.de (nachfolgend \u201eWebsite\u201c). Wir messen dem Datenschutz gro\u00dfe Bedeutung bei. Die Erhebung und Verarbeitung Ihrer personenbezogenen Daten geschieht unter Beachtung der geltenden datenschutzrechtlichen Vorschriften, insbesondere der Datenschutzgrundverordnung (DSGVO). Wir erheben und verarbeiten Ihre personenbezogenen Daten, um Ihnen die oben [&hellip;]<\/p>\n","protected":false},"author":1,"featured_media":0,"parent":0,"menu_order":0,"comment_status":"closed","ping_status":"closed","template":"","meta":{"footnotes":""},"class_list":["post-343","page","type-page","status-publish","hentry","no-featured-image"],"aioseo_notices":[],"_links":{"self":[{"href":"https:\/\/lernbegleitung-wedemark.de\/index.php?rest_route=\/wp\/v2\/pages\/343","targetHints":{"allow":["GET"]}}],"collection":[{"href":"https:\/\/lernbegleitung-wedemark.de\/index.php?rest_route=\/wp\/v2\/pages"}],"about":[{"href":"https:\/\/lernbegleitung-wedemark.de\/index.php?rest_route=\/wp\/v2\/types\/page"}],"author":[{"embeddable":true,"href":"https:\/\/lernbegleitung-wedemark.de\/index.php?rest_route=\/wp\/v2\/users\/1"}],"replies":[{"embeddable":true,"href":"https:\/\/lernbegleitung-wedemark.de\/index.php?rest_route=%2Fwp%2Fv2%2Fcomments&post=343"}],"version-history":[{"count":4,"href":"https:\/\/lernbegleitung-wedemark.de\/index.php?rest_route=\/wp\/v2\/pages\/343\/revisions"}],"predecessor-version":[{"id":348,"href":"https:\/\/lernbegleitung-wedemark.de\/index.php?rest_route=\/wp\/v2\/pages\/343\/revisions\/348"}],"wp:attachment":[{"href":"https:\/\/lernbegleitung-wedemark.de\/index.php?rest_route=%2Fwp%2Fv2%2Fmedia&parent=343"}],"curies":[{"name":"wp","href":"https:\/\/api.w.org\/{rel}","templated":true}]}}