{"id":28,"date":"2015-06-18T19:32:35","date_gmt":"2015-06-18T17:32:35","guid":{"rendered":"http:\/\/lernbegleitung-wedemark.de\/?page_id=28"},"modified":"2025-12-23T20:31:56","modified_gmt":"2025-12-23T19:31:56","slug":"ueber-mich","status":"publish","type":"page","link":"https:\/\/lernbegleitung-wedemark.de\/?page_id=28","title":{"rendered":"\u00dcber mich"},"content":{"rendered":"<div id=\"post-body-content\">\n<div id=\"postdivrich\" class=\"postarea wp-editor-expand\">\n<table id=\"post-status-info\" style=\"height: 11px;\" width=\"7\">\n<tbody>\n<tr>\n<td id=\"wp-word-count\"><\/td>\n<td class=\"autosave-info\"><\/td>\n<\/tr>\n<\/tbody>\n<\/table>\n<\/div>\n<\/div>\n<ul id=\"__attachments-view-194\" class=\"attachments ui-sortable ui-sortable-disabled\" tabindex=\"-1\"><\/ul>\n<p style=\"padding-left: 30px;\">Hallo, mein Name ist Elke Steinmetz, ich lebe mit meiner Familie in <a href=\"https:\/\/lernbegleitung-wedemark.de\/wp-content\/uploads\/2018\/10\/Elke.png\"><img loading=\"lazy\" decoding=\"async\" class=\"alignright size-medium wp-image-334\" src=\"https:\/\/lernbegleitung-wedemark.de\/wp-content\/uploads\/2018\/10\/Elke-238x300.png\" alt=\"\" width=\"238\" height=\"300\" srcset=\"https:\/\/lernbegleitung-wedemark.de\/wp-content\/uploads\/2018\/10\/Elke-238x300.png 238w, https:\/\/lernbegleitung-wedemark.de\/wp-content\/uploads\/2018\/10\/Elke.png 313w\" sizes=\"auto, (max-width: 238px) 100vw, 238px\" \/><\/a>der Gemeinde Wedemark, deren l\u00e4ndliche Struktur und Weite ich sehr sch\u00e4tze.<\/p>\n<p style=\"padding-left: 30px;\">Im Anschluss an mein Studium f\u00fcr das Lehramt an Realschulen gr\u00fcndete ich ein Nachhilfestudio und Business English &amp; English Conversation Office in Hannover.<\/p>\n<p style=\"padding-left: 30px;\">Schon im Studium setzte ich Schwerpunkte auf l\u00f6sungsorientierte und ressourcen gest\u00fctzte P\u00e4dagogik. Doch erst durch die Charaktere und Besonderheiten meiner Familie begann ich vor 14 Jahren mich mit dem Thema Hochbegabung, Kiss-Syndrom, ADHS und Hochsensibilit\u00e4t zu besch\u00e4ftigen.<\/p>\n<ul>\n<li>Fortbildung zur Mediatorin 2002<\/li>\n<li>Arbeit mit auff\u00e4lligen Kindern und Jugendlichen in Zusammenarbeit mit verschiedenen Einrichtungen<\/li>\n<\/ul>\n<ul>\n<li>2012 Weiterbildung als &#8222;Lernbegleitende Mentorin&#8220; des DZBF (Deutsches Zentrum f\u00fcr Begabungsforschung und F\u00f6rderung)<\/li>\n<li>Seit 2011 bin ich Mitglied im KOV (Kooperationsverbund Hochbegabung) Wedemark und im B\u00fcndnis f\u00fcr Familie<\/li>\n<li>2013-2015 Ausbildung zur Begabungspsychologischen Beraterin am DZBF<\/li>\n<li>2015 Testzulassung zur TOP-DIAGNOSTIK<\/li>\n<li>November 2017 Begleithunde-Pr\u00fcfung inklusive Wesenstest mit &#8222;Socke&#8220;, meinem Border\u00a0 Collie Mix<\/li>\n<li>Seit Mai 2018 zertifiziertes Leselernhunde-Team<\/li>\n<li>Januar 2019 Marburger Verhaltenstrainer f\u00fcr Kinder und Jugendliche mit Verhaltens- und Aufmerksamkeitsst\u00f6rungen<\/li>\n<li>Juni\/September 2019 Biofeedback und Neurofeedback Ausbildung<\/li>\n<li>Mai 2020 Therapie- und Schulhund-Pr\u00fcfung f\u00fcr den Einsatz von &#8222;Socke&#8220; in Schulen, Kinderg\u00e4rten, Pflegeheimen o.\u00e4. Einrichtungen.<\/li>\n<li>Februar 2023 Quereinstieg an eine IGS in Hannover<\/li>\n<li>Oktober 2024 Quereinstieg in die Ffw Wedemark Aktiv<\/li>\n<li>Mai 2025 Ausbildung zum MHFA Ersthelfer (Mental Health First Aid)<\/li>\n<\/ul>\n","protected":false},"excerpt":{"rendered":"<p>Hallo, mein Name ist Elke Steinmetz, ich lebe mit meiner Familie in der Gemeinde Wedemark, deren l\u00e4ndliche Struktur und Weite ich sehr sch\u00e4tze. Im Anschluss an mein Studium f\u00fcr das Lehramt an Realschulen gr\u00fcndete ich ein Nachhilfestudio und Business English &amp; English Conversation Office in Hannover. Schon im Studium setzte ich Schwerpunkte auf l\u00f6sungsorientierte und [&hellip;]<\/p>\n","protected":false},"author":1,"featured_media":0,"parent":0,"menu_order":0,"comment_status":"closed","ping_status":"closed","template":"","meta":{"footnotes":""},"class_list":["post-28","page","type-page","status-publish","hentry","no-featured-image"],"aioseo_notices":[],"_links":{"self":[{"href":"https:\/\/lernbegleitung-wedemark.de\/index.php?rest_route=\/wp\/v2\/pages\/28","targetHints":{"allow":["GET"]}}],"collection":[{"href":"https:\/\/lernbegleitung-wedemark.de\/index.php?rest_route=\/wp\/v2\/pages"}],"about":[{"href":"https:\/\/lernbegleitung-wedemark.de\/index.php?rest_route=\/wp\/v2\/types\/page"}],"author":[{"embeddable":true,"href":"https:\/\/lernbegleitung-wedemark.de\/index.php?rest_route=\/wp\/v2\/users\/1"}],"replies":[{"embeddable":true,"href":"https:\/\/lernbegleitung-wedemark.de\/index.php?rest_route=%2Fwp%2Fv2%2Fcomments&post=28"}],"version-history":[{"count":41,"href":"https:\/\/lernbegleitung-wedemark.de\/index.php?rest_route=\/wp\/v2\/pages\/28\/revisions"}],"predecessor-version":[{"id":574,"href":"https:\/\/lernbegleitung-wedemark.de\/index.php?rest_route=\/wp\/v2\/pages\/28\/revisions\/574"}],"wp:attachment":[{"href":"https:\/\/lernbegleitung-wedemark.de\/index.php?rest_route=%2Fwp%2Fv2%2Fmedia&parent=28"}],"curies":[{"name":"wp","href":"https:\/\/api.w.org\/{rel}","templated":true}]}}