{"id":263,"date":"2018-04-26T19:37:24","date_gmt":"2018-04-26T17:37:24","guid":{"rendered":"http:\/\/lernbegleitung-wedemark.de\/?page_id=263"},"modified":"2020-11-11T10:39:20","modified_gmt":"2020-11-11T09:39:20","slug":"tiergestuetztes-arbeiten","status":"publish","type":"page","link":"https:\/\/lernbegleitung-wedemark.de\/?page_id=263","title":{"rendered":"Tiergest\u00fctztes Arbeiten"},"content":{"rendered":"<p><a href=\"https:\/\/lernbegleitung-wedemark.de\/wp-content\/uploads\/2018\/01\/P1070142.jpg\"><img loading=\"lazy\" decoding=\"async\" class=\"size-medium wp-image-213 alignleft\" src=\"https:\/\/lernbegleitung-wedemark.de\/wp-content\/uploads\/2018\/01\/P1070142-300x225.jpg\" alt=\"\" width=\"300\" height=\"225\" srcset=\"https:\/\/lernbegleitung-wedemark.de\/wp-content\/uploads\/2018\/01\/P1070142-300x225.jpg 300w, https:\/\/lernbegleitung-wedemark.de\/wp-content\/uploads\/2018\/01\/P1070142-768x576.jpg 768w, https:\/\/lernbegleitung-wedemark.de\/wp-content\/uploads\/2018\/01\/P1070142-1024x768.jpg 1024w\" sizes=\"auto, (max-width: 300px) 100vw, 300px\" \/><\/a>Ich bin SOCKE, ein Border Collie\/Australian Shepherd Mix.<\/p>\n<p>Wann immer ich darf, begleite ich mein Frauchen zu ihren Terminen.<\/p>\n<p>Erfolgreich habe ich mit meinem Frauchen zusammen die Begleithundepr\u00fcfung bestanden und wurden zum Leselernhunde-Team ausgebildet. Nun d\u00fcrfen wir auch Schulen, Kinderg\u00e4rten und \u00e4hnliche Einrichtungen besuchen!<\/p>\n<p>Meine St\u00e4rken sind: Ruhe und Aufmerksamkeit.<\/p>\n<p><a href=\"https:\/\/lernbegleitung-wedemark.de\/wp-content\/uploads\/2018\/06\/IMG_20180604_064652.png\"><img loading=\"lazy\" decoding=\"async\" class=\"size-medium wp-image-295 alignleft\" src=\"https:\/\/lernbegleitung-wedemark.de\/wp-content\/uploads\/2018\/06\/IMG_20180604_064652-180x300.png\" alt=\"\" width=\"180\" height=\"300\" srcset=\"https:\/\/lernbegleitung-wedemark.de\/wp-content\/uploads\/2018\/06\/IMG_20180604_064652-180x300.png 180w, https:\/\/lernbegleitung-wedemark.de\/wp-content\/uploads\/2018\/06\/IMG_20180604_064652.png 384w\" sizes=\"auto, (max-width: 180px) 100vw, 180px\" \/><\/a> Die Begleithunde-Pr\u00fcfung besteht aus 2 Teilen, dem theoretischen Abfragen von artgerechter Haltung, medizinischer Grundversorgung und wesensmerkmalen verschiedener Hunderassen. Der praktische Teil umfasst einen Wesenstest des Hundes, sowie den Gehorsam auf dem Hundeplatz, stressfreies und sicheres Verhalten in Alltagssituationen.<\/p>\n<p>\u00a0<\/p>\n<p><a href=\"https:\/\/lernbegleitung-wedemark.de\/wp-content\/uploads\/2018\/06\/IMG_20180604_064714.png\"><img loading=\"lazy\" decoding=\"async\" class=\"size-medium wp-image-296 alignright\" src=\"https:\/\/lernbegleitung-wedemark.de\/wp-content\/uploads\/2018\/06\/IMG_20180604_064714-180x300.png\" alt=\"\" width=\"180\" height=\"300\" srcset=\"https:\/\/lernbegleitung-wedemark.de\/wp-content\/uploads\/2018\/06\/IMG_20180604_064714-180x300.png 180w, https:\/\/lernbegleitung-wedemark.de\/wp-content\/uploads\/2018\/06\/IMG_20180604_064714.png 384w\" sizes=\"auto, (max-width: 180px) 100vw, 180px\" \/><\/a>Ein Leselernhunde-Team hat erfolgreich gezeigt, dass sowohl Hund als auch Frauchen Lese-Settings durchf\u00fchren k\u00f6nnen und angepasst an das Verhalten und die Bed\u00fcrfnisse des Lesekindes planen.<\/p>\n\n\n<div class=\"wp-block-image\"><figure class=\"alignleft size-large is-resized\"><img loading=\"lazy\" decoding=\"async\" src=\"https:\/\/lernbegleitung-wedemark.de\/wp-content\/uploads\/2020\/11\/Zertifikat-745x1024.jpg\" alt=\"\" class=\"wp-image-497\" width=\"211\" height=\"290\" srcset=\"https:\/\/lernbegleitung-wedemark.de\/wp-content\/uploads\/2020\/11\/Zertifikat-745x1024.jpg 745w, https:\/\/lernbegleitung-wedemark.de\/wp-content\/uploads\/2020\/11\/Zertifikat-218x300.jpg 218w, https:\/\/lernbegleitung-wedemark.de\/wp-content\/uploads\/2020\/11\/Zertifikat-768x1056.jpg 768w, https:\/\/lernbegleitung-wedemark.de\/wp-content\/uploads\/2020\/11\/Zertifikat-800x1100.jpg 800w, https:\/\/lernbegleitung-wedemark.de\/wp-content\/uploads\/2020\/11\/Zertifikat.jpg 850w\" sizes=\"auto, (max-width: 211px) 100vw, 211px\" \/><\/figure><\/div>\n\n\n\n<p>Seit Oktober 2020 bin ich ein zertifizierter Besuchs- und Therapiebegleithund, nat\u00fcrlich nur mit meiner Partnerin Elke Steinmetz zusammen.<\/p>\n","protected":false},"excerpt":{"rendered":"<p>Ich bin SOCKE, ein Border Collie\/Australian Shepherd Mix. Wann immer ich darf, begleite ich mein Frauchen zu ihren Terminen. Erfolgreich habe ich mit meinem Frauchen zusammen die Begleithundepr\u00fcfung bestanden und wurden zum Leselernhunde-Team ausgebildet. Nun d\u00fcrfen wir auch Schulen, Kinderg\u00e4rten und \u00e4hnliche Einrichtungen besuchen! Meine St\u00e4rken sind: Ruhe und Aufmerksamkeit. Die Begleithunde-Pr\u00fcfung besteht aus 2 [&hellip;]<\/p>\n","protected":false},"author":1,"featured_media":0,"parent":0,"menu_order":0,"comment_status":"closed","ping_status":"closed","template":"","meta":{"footnotes":""},"class_list":["post-263","page","type-page","status-publish","hentry","no-featured-image"],"aioseo_notices":[],"_links":{"self":[{"href":"https:\/\/lernbegleitung-wedemark.de\/index.php?rest_route=\/wp\/v2\/pages\/263","targetHints":{"allow":["GET"]}}],"collection":[{"href":"https:\/\/lernbegleitung-wedemark.de\/index.php?rest_route=\/wp\/v2\/pages"}],"about":[{"href":"https:\/\/lernbegleitung-wedemark.de\/index.php?rest_route=\/wp\/v2\/types\/page"}],"author":[{"embeddable":true,"href":"https:\/\/lernbegleitung-wedemark.de\/index.php?rest_route=\/wp\/v2\/users\/1"}],"replies":[{"embeddable":true,"href":"https:\/\/lernbegleitung-wedemark.de\/index.php?rest_route=%2Fwp%2Fv2%2Fcomments&post=263"}],"version-history":[{"count":9,"href":"https:\/\/lernbegleitung-wedemark.de\/index.php?rest_route=\/wp\/v2\/pages\/263\/revisions"}],"predecessor-version":[{"id":498,"href":"https:\/\/lernbegleitung-wedemark.de\/index.php?rest_route=\/wp\/v2\/pages\/263\/revisions\/498"}],"wp:attachment":[{"href":"https:\/\/lernbegleitung-wedemark.de\/index.php?rest_route=%2Fwp%2Fv2%2Fmedia&parent=263"}],"curies":[{"name":"wp","href":"https:\/\/api.w.org\/{rel}","templated":true}]}}